{"id":11997,"date":"2019-07-17T15:37:15","date_gmt":"2019-07-17T13:37:15","guid":{"rendered":"http:\/\/movingpuppet.com\/?page_id=11170"},"modified":"2019-07-17T15:37:15","modified_gmt":"2019-07-17T13:37:15","slug":"mentions-legales","status":"publish","type":"page","link":"https:\/\/movingpuppet.com\/en\/mentions-legales\/","title":{"rendered":"Mentions L\u00e9gales"},"content":{"rendered":"<p>[vc_row row_type=&#8221;row&#8221; use_row_as_full_screen_section=&#8221;no&#8221; type=&#8221;full_width&#8221; oblique_section=&#8221;no&#8221; text_align=&#8221;left&#8221; Overflow=&#8221;&#8221; triangle_shape=&#8221;no&#8221; css_animation=&#8221;&#8221; overflow=&#8221;&#8221;][vc_column][vc_column_text]<\/p>\n<div class=\"titleHomeSections\">\n<p>[\/vc_column_text][\/vc_column][\/vc_row][vc_row row_type=&#8221;row&#8221; use_row_as_full_screen_section=&#8221;no&#8221; type=&#8221;grid&#8221; oblique_section=&#8221;no&#8221; text_align=&#8221;left&#8221; Overflow=&#8221;&#8221; triangle_shape=&#8221;no&#8221; css_animation=&#8221;&#8221; overflow=&#8221;&#8221;][vc_column][vc_raw_html]JTNDcCUyMGNsYXNzJTNEJTIyaXRlbXRpdGxlTUwlMjIlM0VMRUdBTFMlMjBNRU5USU9OUyUzQyUyRnAlM0U=[\/vc_raw_html][vc_empty_space height=&#8221;60px&#8221; image_repeat=&#8221;no-repeat&#8221;][vc_row_inner row_type=&#8221;row&#8221; type=&#8221;grid&#8221; use_row_as_full_screen_section_slide=&#8221;no&#8221; text_align=&#8221;left&#8221; css_animation=&#8221;&#8221;][vc_column_inner width=&#8221;1\/2&#8243;][vc_column_text]<\/p>\n<div class=\"titleHomeSections\">\n<h2>Ce site vous est propos\u00e9 par :<\/h2>\n<p><strong>Moving Puppet<\/strong><br \/>\n157 Boulevard MacDonald<br \/>\nParis (75019) FRANCE<br \/>\n<a href=\"http:\/\/www.movingpuppet.fr\" target=\"_blank\" rel=\"noopener noreferrer\">www.movingpuppet.fr<\/a><\/p>\n<h2>H\u00e9bergeur<\/h2>\n<p><strong>GANDI SAS<\/strong><br \/>\nSoci\u00e9t\u00e9 par Actions Simplifi\u00e9e au capital de 2 300 000\u202f\u20ac<br \/>\nAyant son si\u00e8ge social au<br \/>\n63-65 boulevard Mass\u00e9na<br \/>\nParis (75013) FRANCE<\/p>\n<h2>Informatique et libert\u00e9 :<\/h2>\n<p>Le pr\u00e9sent site (workshop.movingpuppet.com) ne r\u00e9colte aucune donn\u00e9e concernant les utilisateurs du site.<br \/>\nLes adresses emails et donn\u00e9es entr\u00e9 dans le formulaire de contact ne seront ni conserv\u00e9, ni enregistr\u00e9, ni utilis\u00e9 \u00e0 des fin commerciales.<\/p>\n<\/div>\n<p>[\/vc_column_text][vc_empty_space height=&#8221;20px&#8221; image_repeat=&#8221;no-repeat&#8221;][\/vc_column_inner][vc_column_inner width=&#8221;1\/2&#8243;][vc_column_text]<\/p>\n<div class=\"titleHomeSections\">\n<h2>R\u00e9alisation et cr\u00e9ation du site :<\/h2>\n<p>Le site web de Moving Puppet a \u00e9t\u00e9 cr\u00e9\u00e9 et r\u00e9alis\u00e9 par l\u2019agence :<br \/>\n<strong>21e Agency<\/strong><br \/>\n157 Boulevard MacDonald<br \/>\nParis (75019) FRANCE<br \/>\n<a href=\"https:\/\/www.21arr.com\/\" target=\"_blank\" rel=\"noopener noreferrer\">www.21e.fr<\/a><\/p>\n<\/div>\n<p>[\/vc_column_text][vc_empty_space height=&#8221;20px&#8221; image_repeat=&#8221;no-repeat&#8221;][\/vc_column_inner][\/vc_row_inner][vc_empty_space height=&#8221;40px&#8221; image_repeat=&#8221;no-repeat&#8221;][\/vc_column][\/vc_row][vc_row row_type=&#8221;row&#8221; use_row_as_full_screen_section=&#8221;no&#8221; type=&#8221;full_width&#8221; oblique_section=&#8221;no&#8221; text_align=&#8221;left&#8221; Overflow=&#8221;&#8221; triangle_shape=&#8221;no&#8221; css_animation=&#8221;&#8221; overflow=&#8221;&#8221;][vc_column][vc_column_text]<\/p>\n<\/div>\n<p>[\/vc_column_text][\/vc_column][\/vc_row]<\/p>","protected":false},"excerpt":{"rendered":"<p>[vc_row row_type=&#8221;row&#8221; use_row_as_full_screen_section=&#8221;no&#8221; type=&#8221;full_width&#8221; oblique_section=&#8221;no&#8221; text_align=&#8221;left&#8221; Overflow=&#8221;&#8221; triangle_shape=&#8221;no&#8221; css_animation=&#8221;&#8221; overflow=&#8221;&#8221;][vc_column][vc_column_text] [\/vc_column_text][\/vc_column][\/vc_row][vc_row row_type=&#8221;row&#8221; use_row_as_full_screen_section=&#8221;no&#8221; type=&#8221;grid&#8221; oblique_section=&#8221;no&#8221; text_align=&#8221;left&#8221; Overflow=&#8221;&#8221; triangle_shape=&#8221;no&#8221; css_animation=&#8221;&#8221; overflow=&#8221;&#8221;][vc_column][vc_raw_html]JTNDcCUyMGNsYXNzJTNEJTIyaXRlbXRpdGxlTUwlMjIlM0VMRUdBTFMlMjBNRU5USU9OUyUzQyUyRnAlM0U=[\/vc_raw_html][vc_empty_space height=&#8221;60px&#8221; image_repeat=&#8221;no-repeat&#8221;][vc_row_inner row_type=&#8221;row&#8221; type=&#8221;grid&#8221; use_row_as_full_screen_section_slide=&#8221;no&#8221; text_align=&#8221;left&#8221; css_animation=&#8221;&#8221;][vc_column_inner width=&#8221;1\/2&#8243;][vc_column_text] Ce site vous est propos\u00e9 par : Moving Puppet 157 Boulevard MacDonald Paris (75019) FRANCE www.movingpuppet.fr H\u00e9bergeur&#8230;<\/p>\n","protected":false},"author":1,"featured_media":0,"parent":0,"menu_order":0,"comment_status":"closed","ping_status":"open","template":"","meta":[],"yoast_head":"<!-- This site is optimized with the Yoast SEO plugin v19.13 - https:\/\/yoast.com\/wordpress\/plugins\/seo\/ -->\n<title>Mentions L\u00e9gales - Moving Puppet<\/title>\n<meta name=\"robots\" content=\"index, follow, max-snippet:-1, max-image-preview:large, max-video-preview:-1\" \/>\n<link rel=\"canonical\" href=\"https:\/\/movingpuppet.com\/mentions-legales\/\" \/>\n<meta property=\"og:locale\" content=\"en_US\" \/>\n<meta property=\"og:type\" content=\"article\" \/>\n<meta property=\"og:title\" content=\"Mentions L\u00e9gales - Moving Puppet\" \/>\n<meta property=\"og:description\" content=\"[vc_row row_type=&#8221;row&#8221; use_row_as_full_screen_section=&#8221;no&#8221; type=&#8221;full_width&#8221; oblique_section=&#8221;no&#8221; text_align=&#8221;left&#8221; Overflow=&#8221;&#8221; triangle_shape=&#8221;no&#8221; css_animation=&#8221;&#8221; overflow=&#8221;&#8221;][vc_column][vc_column_text] [\/vc_column_text][\/vc_column][\/vc_row][vc_row row_type=&#8221;row&#8221; use_row_as_full_screen_section=&#8221;no&#8221; type=&#8221;grid&#8221; oblique_section=&#8221;no&#8221; text_align=&#8221;left&#8221; Overflow=&#8221;&#8221; triangle_shape=&#8221;no&#8221; css_animation=&#8221;&#8221; overflow=&#8221;&#8221;][vc_column][vc_raw_html]JTNDcCUyMGNsYXNzJTNEJTIyaXRlbXRpdGxlTUwlMjIlM0VMRUdBTFMlMjBNRU5USU9OUyUzQyUyRnAlM0U=[\/vc_raw_html][vc_empty_space height=&#8221;60px&#8221; image_repeat=&#8221;no-repeat&#8221;][vc_row_inner row_type=&#8221;row&#8221; type=&#8221;grid&#8221; use_row_as_full_screen_section_slide=&#8221;no&#8221; text_align=&#8221;left&#8221; css_animation=&#8221;&#8221;][vc_column_inner width=&#8221;1\/2&#8243;][vc_column_text] Ce site vous est propos\u00e9 par : Moving Puppet 157 Boulevard MacDonald Paris (75019) FRANCE www.movingpuppet.fr H\u00e9bergeur...\" \/>\n<meta property=\"og:url\" content=\"https:\/\/movingpuppet.com\/mentions-legales\/\" \/>\n<meta property=\"og:site_name\" content=\"Moving Puppet\" \/>\n<meta property=\"article:publisher\" content=\"https:\/\/www.facebook.com\/movingpuppet\/\" \/>\n<meta name=\"twitter:card\" content=\"summary_large_image\" \/>\n<meta name=\"twitter:label1\" content=\"Est. reading time\" \/>\n\t<meta name=\"twitter:data1\" content=\"3 minutes\" \/>\n<script type=\"application\/ld+json\" class=\"yoast-schema-graph\">{\"@context\":\"https:\/\/schema.org\",\"@graph\":[{\"@type\":\"WebPage\",\"@id\":\"https:\/\/movingpuppet.com\/mentions-legales\/\",\"url\":\"https:\/\/movingpuppet.com\/mentions-legales\/\",\"name\":\"Mentions L\u00e9gales - Moving Puppet\",\"isPartOf\":{\"@id\":\"https:\/\/movingpuppet.com\/#website\"},\"datePublished\":\"2019-07-17T13:37:15+00:00\",\"dateModified\":\"2019-07-17T13:37:15+00:00\",\"breadcrumb\":{\"@id\":\"https:\/\/movingpuppet.com\/mentions-legales\/#breadcrumb\"},\"inLanguage\":\"en-US\",\"potentialAction\":[{\"@type\":\"ReadAction\",\"target\":[\"https:\/\/movingpuppet.com\/mentions-legales\/\"]}]},{\"@type\":\"BreadcrumbList\",\"@id\":\"https:\/\/movingpuppet.com\/mentions-legales\/#breadcrumb\",\"itemListElement\":[{\"@type\":\"ListItem\",\"position\":1,\"name\":\"Accueil\",\"item\":\"https:\/\/movingpuppet.com\/\"},{\"@type\":\"ListItem\",\"position\":2,\"name\":\"Mentions L\u00e9gales\"}]},{\"@type\":\"WebSite\",\"@id\":\"https:\/\/movingpuppet.com\/#website\",\"url\":\"https:\/\/movingpuppet.com\/\",\"name\":\"Moving Puppet\",\"description\":\"Cr\u00e9ation, Fabrication et Animation de Marionnettes\",\"publisher\":{\"@id\":\"https:\/\/movingpuppet.com\/#organization\"},\"potentialAction\":[{\"@type\":\"SearchAction\",\"target\":{\"@type\":\"EntryPoint\",\"urlTemplate\":\"https:\/\/movingpuppet.com\/?s={search_term_string}\"},\"query-input\":\"required name=search_term_string\"}],\"inLanguage\":\"en-US\"},{\"@type\":\"Organization\",\"@id\":\"https:\/\/movingpuppet.com\/#organization\",\"name\":\"Moving Puppet\",\"url\":\"https:\/\/movingpuppet.com\/\",\"logo\":{\"@type\":\"ImageObject\",\"inLanguage\":\"en-US\",\"@id\":\"https:\/\/movingpuppet.com\/#\/schema\/logo\/image\/\",\"url\":\"http:\/\/movingpuppet.com\/wp-content\/uploads\/2019\/06\/new-logo-studio-w.png\",\"contentUrl\":\"http:\/\/movingpuppet.com\/wp-content\/uploads\/2019\/06\/new-logo-studio-w.png\",\"width\":817,\"height\":323,\"caption\":\"Moving Puppet\"},\"image\":{\"@id\":\"https:\/\/movingpuppet.com\/#\/schema\/logo\/image\/\"},\"sameAs\":[\"https:\/\/www.facebook.com\/movingpuppet\/\"]}]}<\/script>\n<!-- \/ Yoast SEO plugin. -->","yoast_head_json":{"title":"Mentions L\u00e9gales - Moving Puppet","robots":{"index":"index","follow":"follow","max-snippet":"max-snippet:-1","max-image-preview":"max-image-preview:large","max-video-preview":"max-video-preview:-1"},"canonical":"https:\/\/movingpuppet.com\/mentions-legales\/","og_locale":"en_US","og_type":"article","og_title":"Mentions L\u00e9gales - Moving Puppet","og_description":"[vc_row row_type=&#8221;row&#8221; use_row_as_full_screen_section=&#8221;no&#8221; type=&#8221;full_width&#8221; oblique_section=&#8221;no&#8221; text_align=&#8221;left&#8221; Overflow=&#8221;&#8221; triangle_shape=&#8221;no&#8221; css_animation=&#8221;&#8221; overflow=&#8221;&#8221;][vc_column][vc_column_text] [\/vc_column_text][\/vc_column][\/vc_row][vc_row row_type=&#8221;row&#8221; use_row_as_full_screen_section=&#8221;no&#8221; type=&#8221;grid&#8221; oblique_section=&#8221;no&#8221; text_align=&#8221;left&#8221; Overflow=&#8221;&#8221; triangle_shape=&#8221;no&#8221; css_animation=&#8221;&#8221; overflow=&#8221;&#8221;][vc_column][vc_raw_html]JTNDcCUyMGNsYXNzJTNEJTIyaXRlbXRpdGxlTUwlMjIlM0VMRUdBTFMlMjBNRU5USU9OUyUzQyUyRnAlM0U=[\/vc_raw_html][vc_empty_space height=&#8221;60px&#8221; image_repeat=&#8221;no-repeat&#8221;][vc_row_inner row_type=&#8221;row&#8221; type=&#8221;grid&#8221; use_row_as_full_screen_section_slide=&#8221;no&#8221; text_align=&#8221;left&#8221; css_animation=&#8221;&#8221;][vc_column_inner width=&#8221;1\/2&#8243;][vc_column_text] Ce site vous est propos\u00e9 par : Moving Puppet 157 Boulevard MacDonald Paris (75019) FRANCE www.movingpuppet.fr H\u00e9bergeur...","og_url":"https:\/\/movingpuppet.com\/mentions-legales\/","og_site_name":"Moving Puppet","article_publisher":"https:\/\/www.facebook.com\/movingpuppet\/","twitter_card":"summary_large_image","twitter_misc":{"Est. reading time":"3 minutes"},"schema":{"@context":"https:\/\/schema.org","@graph":[{"@type":"WebPage","@id":"https:\/\/movingpuppet.com\/mentions-legales\/","url":"https:\/\/movingpuppet.com\/mentions-legales\/","name":"Mentions L\u00e9gales - Moving Puppet","isPartOf":{"@id":"https:\/\/movingpuppet.com\/#website"},"datePublished":"2019-07-17T13:37:15+00:00","dateModified":"2019-07-17T13:37:15+00:00","breadcrumb":{"@id":"https:\/\/movingpuppet.com\/mentions-legales\/#breadcrumb"},"inLanguage":"en-US","potentialAction":[{"@type":"ReadAction","target":["https:\/\/movingpuppet.com\/mentions-legales\/"]}]},{"@type":"BreadcrumbList","@id":"https:\/\/movingpuppet.com\/mentions-legales\/#breadcrumb","itemListElement":[{"@type":"ListItem","position":1,"name":"Accueil","item":"https:\/\/movingpuppet.com\/"},{"@type":"ListItem","position":2,"name":"Mentions L\u00e9gales"}]},{"@type":"WebSite","@id":"https:\/\/movingpuppet.com\/#website","url":"https:\/\/movingpuppet.com\/","name":"Moving Puppet","description":"Cr\u00e9ation, Fabrication et Animation de Marionnettes","publisher":{"@id":"https:\/\/movingpuppet.com\/#organization"},"potentialAction":[{"@type":"SearchAction","target":{"@type":"EntryPoint","urlTemplate":"https:\/\/movingpuppet.com\/?s={search_term_string}"},"query-input":"required name=search_term_string"}],"inLanguage":"en-US"},{"@type":"Organization","@id":"https:\/\/movingpuppet.com\/#organization","name":"Moving Puppet","url":"https:\/\/movingpuppet.com\/","logo":{"@type":"ImageObject","inLanguage":"en-US","@id":"https:\/\/movingpuppet.com\/#\/schema\/logo\/image\/","url":"http:\/\/movingpuppet.com\/wp-content\/uploads\/2019\/06\/new-logo-studio-w.png","contentUrl":"http:\/\/movingpuppet.com\/wp-content\/uploads\/2019\/06\/new-logo-studio-w.png","width":817,"height":323,"caption":"Moving Puppet"},"image":{"@id":"https:\/\/movingpuppet.com\/#\/schema\/logo\/image\/"},"sameAs":["https:\/\/www.facebook.com\/movingpuppet\/"]}]}},"_links":{"self":[{"href":"https:\/\/movingpuppet.com\/en\/wp-json\/wp\/v2\/pages\/11997"}],"collection":[{"href":"https:\/\/movingpuppet.com\/en\/wp-json\/wp\/v2\/pages"}],"about":[{"href":"https:\/\/movingpuppet.com\/en\/wp-json\/wp\/v2\/types\/page"}],"author":[{"embeddable":true,"href":"https:\/\/movingpuppet.com\/en\/wp-json\/wp\/v2\/users\/1"}],"replies":[{"embeddable":true,"href":"https:\/\/movingpuppet.com\/en\/wp-json\/wp\/v2\/comments?post=11997"}],"version-history":[{"count":0,"href":"https:\/\/movingpuppet.com\/en\/wp-json\/wp\/v2\/pages\/11997\/revisions"}],"wp:attachment":[{"href":"https:\/\/movingpuppet.com\/en\/wp-json\/wp\/v2\/media?parent=11997"}],"curies":[{"name":"wp","href":"https:\/\/api.w.org\/{rel}","templated":true}]}}